{"id":8,"date":"2023-03-06T16:36:45","date_gmt":"2023-03-06T16:36:45","guid":{"rendered":"https:\/\/bible.jessicadugand.com\/?page_id=8"},"modified":"2023-03-10T21:11:51","modified_gmt":"2023-03-10T21:11:51","slug":"home","status":"publish","type":"page","link":"https:\/\/bible.jessicadugand.com\/","title":{"rendered":"Home"},"content":{"rendered":"<p>[et_pb_section fb_built=&#8221;1&#8243; disabled_on=&#8221;on|on|on&#8221; _builder_version=&#8221;4.20.1&#8243; _module_preset=&#8221;default&#8221; background_video_mp4=&#8221;https:\/\/bible.jessicadugand.com\/wp-content\/uploads\/2023\/03\/\u00bfComo-leer-la-Biblia-6-Consejos-Majo-Solis-Vlog.mp4&#8243; custom_padding=&#8221;||724px|||&#8221; disabled=&#8221;on&#8221; global_colors_info=&#8221;{}&#8221;][\/et_pb_section][et_pb_section fb_built=&#8221;1&#8243; admin_label=&#8221;Header&#8221; _builder_version=&#8221;4.20.1&#8243; _module_preset=&#8221;default&#8221; background_color=&#8221;#000000&#8243; use_background_color_gradient=&#8221;on&#8221; background_color_gradient_stops=&#8221;rgba(0,0,0,0) 0%|#000d16 100%&#8221; background_color_gradient_overlays_image=&#8221;on&#8221; background_image=&#8221;https:\/\/bible.jessicadugand.com\/wp-content\/uploads\/2023\/03\/banner-bienvenida.jpg&#8221; background_enable_pattern_style=&#8221;on&#8221; background_pattern_style=&#8221;waves&#8221; background_pattern_color=&#8221;rgba(255,255,255,0.04)&#8221; background_pattern_size=&#8221;custom&#8221; background_pattern_width=&#8221;80px&#8221; custom_padding=&#8221;12%||12%||true|false&#8221; locked=&#8221;off&#8221; collapsed=&#8221;on&#8221; global_colors_info=&#8221;{}&#8221;][et_pb_row _builder_version=&#8221;4.18.0&#8243; _module_preset=&#8221;default&#8221; z_index=&#8221;1&#8243; max_width=&#8221;700px&#8221; locked=&#8221;off&#8221; global_colors_info=&#8221;{}&#8221;][et_pb_column type=&#8221;4_4&#8243; _builder_version=&#8221;4.18.0&#8243; _module_preset=&#8221;default&#8221; global_colors_info=&#8221;{}&#8221;][et_pb_text _builder_version=&#8221;4.20.1&#8243; _module_preset=&#8221;c16985e1-e0d6-4022-964d-e2bfc04fa633&#8243; header_font=&#8221;Baskervville|700|||||||&#8221; header_text_color=&#8221;#FFFFFF&#8221; header_font_size=&#8221;72px&#8221; header_line_height=&#8221;1.2em&#8221; text_orientation=&#8221;center&#8221; header_font_size_tablet=&#8221;40px&#8221; header_font_size_phone=&#8221;24px&#8221; header_font_size_last_edited=&#8221;on|desktop&#8221; global_colors_info=&#8221;{}&#8221;]<\/p>\n<h1>Bible Class<\/h1>\n<p>[\/et_pb_text][et_pb_text _builder_version=&#8221;4.20.1&#8243; _module_preset=&#8221;518880c8-46c7-4ffa-b5a6-93ffa99dcc17&#8243; text_font=&#8221;Hind||||||||&#8221; text_text_color=&#8221;#FFFFFF&#8221; text_font_size=&#8221;18px&#8221; text_line_height=&#8221;1.6em&#8221; link_text_color=&#8221;#23CDE7&#8243; header_2_text_color=&#8221;#FFFFFF&#8221; header_2_font_size=&#8221;44px&#8221; text_orientation=&#8221;center&#8221; text_font_size_tablet=&#8221;16px&#8221; text_font_size_phone=&#8221;14px&#8221; text_font_size_last_edited=&#8221;on|phone&#8221; global_colors_info=&#8221;{}&#8221;]<\/p>\n<h2>Una experiencia grupal<\/h2>\n<p>[\/et_pb_text][et_pb_button button_text=&#8221;\u00a1inscripci\u00f3n gratis!&#8221; button_alignment=&#8221;center&#8221; _builder_version=&#8221;4.20.2&#8243; _module_preset=&#8221;31b4f027-aaa0-4f2f-ae02-959764e19e4f&#8221; custom_button=&#8221;on&#8221; button_text_size=&#8221;14px&#8221; button_text_color=&#8221;#FFFFFF&#8221; button_bg_color=&#8221;#0C71C3&#8243; button_border_width=&#8221;0px&#8221; button_border_radius=&#8221;100px&#8221; button_font=&#8221;Hind|700||on|||||&#8221; custom_padding=&#8221;18px|32px|18px|32px|true|true&#8221; hover_enabled=&#8221;0&#8243; global_colors_info=&#8221;{}&#8221; button_url=&#8221;https:\/\/forms.gle\/mUGg63zarVuXJeMQ9&#8243; sticky_enabled=&#8221;0&#8243;][\/et_pb_button][\/et_pb_column][\/et_pb_row][\/et_pb_section][et_pb_section fb_built=&#8221;1&#8243; admin_label=&#8221;Feature&#8221; _builder_version=&#8221;4.19.2&#8243; _module_preset=&#8221;default&#8221; background_color=&#8221;#F8FAFB&#8221; collapsed=&#8221;on&#8221; global_colors_info=&#8221;{}&#8221;][et_pb_row column_structure=&#8221;1_2,1_2&#8243; _builder_version=&#8221;4.19.2&#8243; _module_preset=&#8221;default&#8221; global_colors_info=&#8221;{}&#8221;][et_pb_column type=&#8221;1_2&#8243; _builder_version=&#8221;4.19.2&#8243; _module_preset=&#8221;default&#8221; global_colors_info=&#8221;{}&#8221;][et_pb_image src=&#8221;https:\/\/bible.jessicadugand.com\/wp-content\/uploads\/2023\/03\/jessica-dugand-cojin-verde.jpg&#8221; title_text=&#8221;jessica-dugand-cojin-verde&#8221; _builder_version=&#8221;4.20.2&#8243; _module_preset=&#8221;default&#8221; width=&#8221;82%&#8221; module_alignment=&#8221;center&#8221; custom_margin=&#8221;|||-5vw|false|false&#8221; global_colors_info=&#8221;{}&#8221;][\/et_pb_image][\/et_pb_column][et_pb_column type=&#8221;1_2&#8243; _builder_version=&#8221;4.19.2&#8243; _module_preset=&#8221;default&#8221; custom_padding=&#8221;4vw||||false|false&#8221; custom_padding_tablet=&#8221;0vw||||false|false&#8221; custom_padding_phone=&#8221;0vw||||false|false&#8221; custom_padding_last_edited=&#8221;on|tablet&#8221; global_colors_info=&#8221;{}&#8221;][et_pb_text _builder_version=&#8221;4.19.2&#8243; _module_preset=&#8221;d22a53f6-0426-4367-9646-bc7ed58246d3&#8243; custom_margin=&#8221;||10px||false|false&#8221; global_colors_info=&#8221;{}&#8221;]<\/p>\n<h2>Aprende a leer la Biblia<\/h2>\n<p>[\/et_pb_text][et_pb_text _builder_version=&#8221;4.20.1&#8243; _module_preset=&#8221;74be18b8-6292-45cd-80f2-4676056463da&#8221; text_font_size=&#8221;20px&#8221; global_colors_info=&#8221;{}&#8221;]<\/p>\n<p>A lo largo de los a\u00f1os he visto como muchos cristianos tengan una relaci\u00f3n con su padre celestial basada en las promesas bibl\u00edcas, el motivo: desafortunamente y apesar de muchos disicpulados y otros cursos no han creado y h\u00e1bito o no han sabido como leer la biblia de manera eficaz.<\/p>\n<p>En este curso, mi objetivo es que aprendas a meditar y a encontrar cada promesa que Dios ha depositado sobre ti de una manera f\u00e1cil y eficaz.<\/p>\n<p>[\/et_pb_text][et_pb_button button_text=&#8221;\u00a1inscripci\u00f3n gratis!&#8221; button_alignment=&#8221;center&#8221; _builder_version=&#8221;4.20.2&#8243; _module_preset=&#8221;31b4f027-aaa0-4f2f-ae02-959764e19e4f&#8221; custom_button=&#8221;on&#8221; button_text_size=&#8221;14px&#8221; button_text_color=&#8221;#FFFFFF&#8221; button_bg_color=&#8221;#f7548f&#8221; button_border_width=&#8221;0px&#8221; button_border_radius=&#8221;100px&#8221; button_font=&#8221;Hind|700||on|||||&#8221; custom_padding=&#8221;18px|32px|18px|32px|true|true&#8221; hover_enabled=&#8221;0&#8243; global_colors_info=&#8221;{}&#8221; button_url=&#8221;https:\/\/forms.gle\/mUGg63zarVuXJeMQ9&#8243; sticky_enabled=&#8221;0&#8243; button_bg_enable_color=&#8221;on&#8221;][\/et_pb_button][\/et_pb_column][\/et_pb_row][\/et_pb_section][et_pb_section fb_built=&#8221;1&#8243; admin_label=&#8221;Footer&#8221; _builder_version=&#8221;4.20.0&#8243; _module_preset=&#8221;default&#8221; background_color=&#8221;#c4e7ff&#8221; saved_tabs=&#8221;all&#8221; locked=&#8221;off&#8221; collapsed=&#8221;on&#8221; global_colors_info=&#8221;{}&#8221;][et_pb_row _builder_version=&#8221;4.19.2&#8243; _module_preset=&#8221;default&#8221; custom_margin=&#8221;|auto|-2px|auto|false|false&#8221; custom_margin_tablet=&#8221;||30px||false|false&#8221; custom_margin_phone=&#8221;&#8221; custom_margin_last_edited=&#8221;on|desktop&#8221; global_colors_info=&#8221;{}&#8221;][et_pb_column type=&#8221;4_4&#8243; _builder_version=&#8221;4.19.2&#8243; _module_preset=&#8221;default&#8221; global_colors_info=&#8221;{}&#8221;][et_pb_text _builder_version=&#8221;4.20.0&#8243; _module_preset=&#8221;5587726e-7f69-4fb4-827d-fc1d071e801d&#8221; text_font_size=&#8221;37px&#8221; header_4_text_color=&#8221;#6d6d6d&#8221; header_4_font_size=&#8221;26px&#8221; text_orientation=&#8221;center&#8221; global_colors_info=&#8221;{}&#8221;]<\/p>\n<h4>!QUIERO SABER MAS!<\/h4>\n<p>[\/et_pb_text][et_pb_text _builder_version=&#8221;4.20.0&#8243; _module_preset=&#8221;625270fd-6d9c-455a-ae60-a849b928a805&#8243; header_2_text_color=&#8221;#6d6d6d&#8221; text_orientation=&#8221;center&#8221; global_colors_info=&#8221;{}&#8221;]<\/p>\n<h2>\u00a1CURSO GRATIS!<\/h2>\n<p>[\/et_pb_text][et_pb_text _builder_version=&#8221;4.20.1&#8243; _module_preset=&#8221;74be18b8-6292-45cd-80f2-4676056463da&#8221; text_font_size=&#8221;20px&#8221; text_line_height=&#8221;1.7em&#8221; global_colors_info=&#8221;{}&#8221;]<\/p>\n<p style=\"text-align: center;\">\ud83c\udf1fBible Class \ud83c\udf1f\u2063\u2063 (grupal) \u2063<br \/>\u2063\u2063\u2063<br \/>\ud83d\udd39Costo: \u2728gratis\u2728<br \/>\ud83d\udd39\ud835\udc0b\ud835\udc2e\ud835\udc20\ud835\udc1a\ud835\udc2b: Facebook Live privado \u2063\u2063\u2063<br \/>\ud83d\udd39\ud835\udc05\ud835\udc1e\ud835\udc1c\ud835\udc21\ud835\udc1a: 30 de Marzo <br \/>\ud83d\udd39\ud835\udc07\ud835\udc28\ud835\udc2b\ud835\udc1a: Inicio 8:00pm (hora Miami)<br \/>\ud83d\udd39Duraci\u00f3n: 1 hora<br \/>\ud83d\udd39Materiales: Biblia, cuaderno y l\u00e1piz <br \/>\u2063<br \/>\u2063<br \/>\ud835\udc02\ud835\udc0e\ud835\udc0d\ud835\udc13\ud835\udc04\ud835\udc0d\ud835\udc08\ud835\udc03\ud835\udc0e:\u2063\u2063\u2063<br \/>\ud83d\udd38M\u00e9todos para aprender a meditar en la biblia<\/p>\n<p>[\/et_pb_text][et_pb_button button_text=&#8221;\u00a1inscripci\u00f3n gratis!&#8221; button_alignment=&#8221;center&#8221; _builder_version=&#8221;4.20.2&#8243; _module_preset=&#8221;31b4f027-aaa0-4f2f-ae02-959764e19e4f&#8221; custom_button=&#8221;on&#8221; button_text_size=&#8221;14px&#8221; button_text_color=&#8221;#FFFFFF&#8221; button_bg_color=&#8221;#f7548f&#8221; button_border_width=&#8221;0px&#8221; button_border_radius=&#8221;100px&#8221; button_font=&#8221;Hind|700||on|||||&#8221; custom_padding=&#8221;18px|32px|18px|32px|true|true&#8221; hover_enabled=&#8221;0&#8243; global_colors_info=&#8221;{}&#8221; button_url=&#8221;https:\/\/forms.gle\/mUGg63zarVuXJeMQ9&#8243; sticky_enabled=&#8221;0&#8243; button_bg_enable_color=&#8221;on&#8221;][\/et_pb_button][\/et_pb_column][\/et_pb_row][\/et_pb_section][et_pb_section fb_built=&#8221;1&#8243; admin_label=&#8221;Feature&#8221; _builder_version=&#8221;4.19.2&#8243; _module_preset=&#8221;default&#8221; background_color=&#8221;#F8FAFB&#8221; collapsed=&#8221;on&#8221; global_colors_info=&#8221;{}&#8221;][et_pb_row column_structure=&#8221;1_2,1_2&#8243; _builder_version=&#8221;4.19.2&#8243; _module_preset=&#8221;default&#8221; global_colors_info=&#8221;{}&#8221;][et_pb_column type=&#8221;1_2&#8243; _builder_version=&#8221;4.19.2&#8243; _module_preset=&#8221;default&#8221; custom_padding=&#8221;6vw||||false|false&#8221; custom_padding_tablet=&#8221;0vw||||false|false&#8221; custom_padding_phone=&#8221;0vw||||false|false&#8221; custom_padding_last_edited=&#8221;on|tablet&#8221; global_colors_info=&#8221;{}&#8221;][et_pb_text _builder_version=&#8221;4.20.1&#8243; _module_preset=&#8221;d22a53f6-0426-4367-9646-bc7ed58246d3&#8243; custom_margin=&#8221;||10px||false|false&#8221; global_colors_info=&#8221;{}&#8221;]<\/p>\n<h2>\u00a1Tu mejor tiempo ya est\u00e1 aqu\u00ed!<\/h2>\n<p>[\/et_pb_text][et_pb_text _builder_version=&#8221;4.20.1&#8243; _module_preset=&#8221;74be18b8-6292-45cd-80f2-4676056463da&#8221; text_font_size=&#8221;20px&#8221; global_colors_info=&#8221;{}&#8221;]<\/p>\n<p>Lleg\u00f3 el tiempo en que conozcas las promesas de Dios, que crezcas en tu relaci\u00f3n con El y mas importante a\u00fan que puedas vivir la vida plena que nuestro Padre tiene para t\u00ed.<\/p>\n<p>Soy Jessica Dugand, Pastora presidente de la comunidad Ekklesia Miami y estoy dispuesta a ir paso a paso contigo hasta lograr nuestros objetivos.<\/p>\n<p>[\/et_pb_text][et_pb_button button_text=&#8221;\u00a1inscripci\u00f3n gratis!&#8221; button_alignment=&#8221;center&#8221; _builder_version=&#8221;4.20.2&#8243; _module_preset=&#8221;31b4f027-aaa0-4f2f-ae02-959764e19e4f&#8221; custom_button=&#8221;on&#8221; button_text_size=&#8221;14px&#8221; button_text_color=&#8221;#FFFFFF&#8221; button_bg_color=&#8221;#f7548f&#8221; button_border_width=&#8221;0px&#8221; button_border_radius=&#8221;100px&#8221; button_font=&#8221;Hind|700||on|||||&#8221; custom_padding=&#8221;18px|32px|18px|32px|true|true&#8221; hover_enabled=&#8221;0&#8243; global_colors_info=&#8221;{}&#8221; button_url=&#8221;https:\/\/forms.gle\/mUGg63zarVuXJeMQ9&#8243; sticky_enabled=&#8221;0&#8243; button_bg_enable_color=&#8221;on&#8221;][\/et_pb_button][\/et_pb_column][et_pb_column type=&#8221;1_2&#8243; _builder_version=&#8221;4.19.2&#8243; _module_preset=&#8221;default&#8221; global_colors_info=&#8221;{}&#8221;][et_pb_image src=&#8221;https:\/\/bible.jessicadugand.com\/wp-content\/uploads\/2023\/03\/jessica-dugand-libro.jpg&#8221; title_text=&#8221;jessica-dugand-libro&#8221; _builder_version=&#8221;4.20.2&#8243; _module_preset=&#8221;default&#8221; width=&#8221;82%&#8221; module_alignment=&#8221;center&#8221; custom_margin=&#8221;|||-5vw|false|false&#8221; global_colors_info=&#8221;{}&#8221;][\/et_pb_image][\/et_pb_column][\/et_pb_row][\/et_pb_section][et_pb_section fb_built=&#8221;1&#8243; admin_label=&#8221;Footer&#8221; _builder_version=&#8221;4.20.2&#8243; _module_preset=&#8221;default&#8221; background_color=&#8221;#f954ac&#8221; custom_padding=&#8221;||0px|||&#8221; saved_tabs=&#8221;all&#8221; collapsed=&#8221;on&#8221; global_colors_info=&#8221;{}&#8221;][et_pb_row _builder_version=&#8221;4.19.2&#8243; _module_preset=&#8221;default&#8221; custom_margin=&#8221;||60px||false|false&#8221; custom_margin_tablet=&#8221;||30px||false|false&#8221; custom_margin_phone=&#8221;&#8221; custom_margin_last_edited=&#8221;on|desktop&#8221; global_colors_info=&#8221;{}&#8221;][et_pb_column type=&#8221;4_4&#8243; _builder_version=&#8221;4.19.2&#8243; _module_preset=&#8221;default&#8221; global_colors_info=&#8221;{}&#8221;][et_pb_text _builder_version=&#8221;4.20.0&#8243; _module_preset=&#8221;5587726e-7f69-4fb4-827d-fc1d071e801d&#8221; header_4_text_color=&#8221;#FFFFFF&#8221; text_orientation=&#8221;center&#8221; global_colors_info=&#8221;{}&#8221;]<\/p>\n<h4>!LO MEJOR DE TODO GRATIS!<\/h4>\n<p>[\/et_pb_text][et_pb_text _builder_version=&#8221;4.20.0&#8243; _module_preset=&#8221;625270fd-6d9c-455a-ae60-a849b928a805&#8243; header_2_text_color=&#8221;#FFFFFF&#8221; text_orientation=&#8221;center&#8221; global_colors_info=&#8221;{}&#8221;]<\/p>\n<h2>\u00bfLista para comenzar?<\/h2>\n<p>[\/et_pb_text][et_pb_text _builder_version=&#8221;4.20.0&#8243; _module_preset=&#8221;74be18b8-6292-45cd-80f2-4676056463da&#8221; text_text_color=&#8221;rgba(255,255,255,0.7)&#8221; text_orientation=&#8221;center&#8221; max_width=&#8221;600px&#8221; module_alignment=&#8221;center&#8221; global_colors_info=&#8221;{}&#8221;]<\/p>\n<p>Est\u00e1s a solo un click de comenzar la mejor experiencia de tu vida.<\/p>\n<p>[\/et_pb_text][et_pb_button button_text=&#8221;\u00a1inscripci\u00f3n gratis!&#8221; button_alignment=&#8221;center&#8221; _builder_version=&#8221;4.20.2&#8243; _module_preset=&#8221;31b4f027-aaa0-4f2f-ae02-959764e19e4f&#8221; custom_button=&#8221;on&#8221; button_text_size=&#8221;14px&#8221; button_text_color=&#8221;#FFFFFF&#8221; button_bg_color=&#8221;#000000&#8243; button_border_width=&#8221;0px&#8221; button_border_radius=&#8221;100px&#8221; button_font=&#8221;Hind|700||on|||||&#8221; custom_padding=&#8221;18px|32px|18px|32px|true|true&#8221; hover_enabled=&#8221;0&#8243; global_colors_info=&#8221;{}&#8221; button_url=&#8221;https:\/\/forms.gle\/mUGg63zarVuXJeMQ9&#8243; sticky_enabled=&#8221;0&#8243; button_bg_enable_color=&#8221;on&#8221;][\/et_pb_button][\/et_pb_column][\/et_pb_row][et_pb_row column_structure=&#8221;1_3,1_3,1_3&#8243; _builder_version=&#8221;4.19.2&#8243; _module_preset=&#8221;default&#8221; border_color_all=&#8221;rgba(255,255,255,0.3)&#8221; border_width_top=&#8221;1px&#8221; global_colors_info=&#8221;{}&#8221;][et_pb_column type=&#8221;1_3&#8243; _builder_version=&#8221;4.19.2&#8243; _module_preset=&#8221;default&#8221; global_colors_info=&#8221;{}&#8221;][et_pb_image src=&#8221;https:\/\/bible.jessicadugand.com\/wp-content\/uploads\/2023\/03\/LOGO-JESSICA-DUGAND.png&#8221; title_text=&#8221;LOGO-JESSICA-DUGAND&#8221; align_tablet=&#8221;center&#8221; align_phone=&#8221;&#8221; align_last_edited=&#8221;on|tablet&#8221; _builder_version=&#8221;4.20.0&#8243; _module_preset=&#8221;default&#8221; global_colors_info=&#8221;{}&#8221;][\/et_pb_image][\/et_pb_column][et_pb_column type=&#8221;1_3&#8243; _builder_version=&#8221;4.19.2&#8243; _module_preset=&#8221;default&#8221; custom_padding=&#8221;1vw||||false|false&#8221; custom_padding_tablet=&#8221;0vw||||false|false&#8221; custom_padding_phone=&#8221;&#8221; custom_padding_last_edited=&#8221;on|tablet&#8221; global_colors_info=&#8221;{}&#8221;][\/et_pb_column][et_pb_column type=&#8221;1_3&#8243; _builder_version=&#8221;4.19.2&#8243; _module_preset=&#8221;default&#8221; global_colors_info=&#8221;{}&#8221;][et_pb_social_media_follow icon_color=&#8221;#FFFFFF&#8221; use_icon_font_size=&#8221;on&#8221; icon_font_size=&#8221;14px&#8221; _builder_version=&#8221;4.20.2&#8243; _module_preset=&#8221;default&#8221; text_orientation=&#8221;right&#8221; hover_enabled=&#8221;0&#8243; text_orientation_tablet=&#8221;center&#8221; text_orientation_phone=&#8221;&#8221; text_orientation_last_edited=&#8221;on|tablet&#8221; border_radii=&#8221;on|100px|100px|100px|100px&#8221; border_width_all=&#8221;2px&#8221; border_color_all=&#8221;#FFFFFF&#8221; locked=&#8221;off&#8221; global_colors_info=&#8221;{}&#8221; sticky_enabled=&#8221;0&#8243;][et_pb_social_media_follow_network social_network=&#8221;facebook&#8221; _builder_version=&#8221;4.20.2&#8243; _module_preset=&#8221;default&#8221; custom_padding=&#8221;4px|4px|4px|4px|true|true&#8221; hover_enabled=&#8221;0&#8243; global_colors_info=&#8221;{}&#8221; follow_button=&#8221;off&#8221; url_new_window=&#8221;on&#8221; url=&#8221;https:\/\/www.facebook.com\/jose.dugand&#8221; sticky_enabled=&#8221;0&#8243;]facebook[\/et_pb_social_media_follow_network][et_pb_social_media_follow_network social_network=&#8221;youtube&#8221; _builder_version=&#8221;4.20.2&#8243; _module_preset=&#8221;default&#8221; custom_padding=&#8221;4px|4px|4px|4px|true|true&#8221; hover_enabled=&#8221;0&#8243; global_colors_info=&#8221;{}&#8221; follow_button=&#8221;off&#8221; url_new_window=&#8221;on&#8221; background_enable_color=&#8221;off&#8221; url=&#8221;https:\/\/www.youtube.com\/@jessicadugandcrissien&#8221; sticky_enabled=&#8221;0&#8243;]youtube[\/et_pb_social_media_follow_network][et_pb_social_media_follow_network social_network=&#8221;instagram&#8221; _builder_version=&#8221;4.20.2&#8243; _module_preset=&#8221;default&#8221; custom_padding=&#8221;4px|4px|4px|4px|true|true&#8221; hover_enabled=&#8221;0&#8243; global_colors_info=&#8221;{}&#8221; follow_button=&#8221;off&#8221; url_new_window=&#8221;on&#8221; url=&#8221;https:\/\/www.instagram.com\/jessicadugand\/&#8221; sticky_enabled=&#8221;0&#8243;]instagram[\/et_pb_social_media_follow_network][\/et_pb_social_media_follow][\/et_pb_column][\/et_pb_row][\/et_pb_section]<\/p>\n","protected":false},"excerpt":{"rendered":"<p>Bible ClassUna experiencia grupalAprende a leer la BibliaA lo largo de los a\u00f1os he visto como muchos cristianos tengan una relaci\u00f3n con su padre celestial basada en las promesas bibl\u00edcas, el motivo: desafortunamente y apesar de muchos disicpulados y otros cursos no han creado y h\u00e1bito o no han sabido como leer la biblia de [&hellip;]<\/p>\n","protected":false},"author":1,"featured_media":0,"parent":0,"menu_order":0,"comment_status":"closed","ping_status":"closed","template":"page-template-blank.php","meta":{"_et_pb_use_builder":"on","_et_pb_old_content":"","_et_gb_content_width":""},"_links":{"self":[{"href":"https:\/\/bible.jessicadugand.com\/index.php\/wp-json\/wp\/v2\/pages\/8"}],"collection":[{"href":"https:\/\/bible.jessicadugand.com\/index.php\/wp-json\/wp\/v2\/pages"}],"about":[{"href":"https:\/\/bible.jessicadugand.com\/index.php\/wp-json\/wp\/v2\/types\/page"}],"author":[{"embeddable":true,"href":"https:\/\/bible.jessicadugand.com\/index.php\/wp-json\/wp\/v2\/users\/1"}],"replies":[{"embeddable":true,"href":"https:\/\/bible.jessicadugand.com\/index.php\/wp-json\/wp\/v2\/comments?post=8"}],"version-history":[{"count":21,"href":"https:\/\/bible.jessicadugand.com\/index.php\/wp-json\/wp\/v2\/pages\/8\/revisions"}],"predecessor-version":[{"id":93,"href":"https:\/\/bible.jessicadugand.com\/index.php\/wp-json\/wp\/v2\/pages\/8\/revisions\/93"}],"wp:attachment":[{"href":"https:\/\/bible.jessicadugand.com\/index.php\/wp-json\/wp\/v2\/media?parent=8"}],"curies":[{"name":"wp","href":"https:\/\/api.w.org\/{rel}","templated":true}]}}